{"id":915,"date":"2018-09-05T17:43:52","date_gmt":"2018-09-05T20:43:52","guid":{"rendered":"https:\/\/isfdgramirez-ers.infd.edu.ar\/sitio\/?page_id=915"},"modified":"2019-11-15T17:17:24","modified_gmt":"2019-11-15T20:17:24","slug":"llamado-a-concurso","status":"publish","type":"page","link":"https:\/\/isfdgramirez-ers.infd.edu.ar\/sitio\/llamado-a-concurso\/","title":{"rendered":"Llamado a Concurso"},"content":{"rendered":"<p><strong><u>LAMADO A CONCURSO<\/u><\/strong><\/p>\n<p>La Rector\u00eda del Instituto Superior de Formaci\u00f3n Docente \u201cPaulo Freire\u201d de General Ram\u00edrez convoca a concurso para la cobertura de horas c\u00e1tedras, de acuerdo a lo establecido en la Resoluci\u00f3n N\u00ba 2300\/12 C.G.E., Resoluci\u00f3n N\u00ba1471\/16 C.G.E y\u00a0 Resoluci\u00f3n N\u00ba 0836\/17 C.G.E desde el martes 19 de Noviembre el siguiente espacio curricular por 05 (cinco) d\u00edas h\u00e1biles. 1\u00b0 llamado.<\/p>\n<p>&nbsp;<\/p>\n<p><strong><u>PROFESORADO DE EDUCACI\u00d3N ESPECIAL CON ORIENTACI\u00d3N EN DISCAPACIDAD INTELECTUAL<\/u><\/strong><strong>: Res. N\u00b0 976\/17 CGE, Res. N\u00b0 330\/17 JC\u00a0 y Res. N\u00b0 145\/18 JC. <\/strong>Toma de posesi\u00f3n inicio ciclo lectivo 2.020.<\/p>\n<p>&nbsp;<\/p>\n<p><strong>PROBLEM\u00c1TICAS DEL LENGUAJE: <\/strong>Asignatura. 4\u00ba A\u00f1o. Anual. 3 horas. STF. <u>Requisitos<\/u>: Profesor de\/en: Lengua y Literatura u hom\u00f3logos. Castellano u hom\u00f3logos. Castellano, Literatura y Lat\u00edn. Letras u hom\u00f3logos. Letras Modernas. Literatura. Literatura y Castellano. Lengua y Literatura Castellana. Castellano y Lat\u00edn. Castellano, Literatura e Historia. Literatura Cl\u00e1sica. Lenguas Cl\u00e1sicas u hom\u00f3logos. Comunicaci\u00f3n Social. Ciencias del Lenguaje y de la Comunicaci\u00f3n u hom\u00f3logos. Ciencias de la Comunicaci\u00f3n. Licenciaturas en el mismo campo de conocimiento de los t\u00edtulos mencionados anteriormente. <u>D\u00eda y Horario de dictado<\/u>: Martes de 18,20 a 20,20 horas.<\/p>\n<p>&nbsp;<\/p>\n<p>Los aspirantes deber\u00e1n presentar Ficha de inscripci\u00f3n, Curriculum, carpeta de antecedentes COMPLETA <strong>Res. 111\/18 JC<\/strong> (Fotocopias\u00a0<u>Autenticadas y foliadas Foja 1, F2, F3<\/u>\u2026no en folios pl\u00e1sticos) Todos los t\u00edtulos deben estar registrados en el CGE y presentar copias actualizadas de ambos lados de dichos t\u00edtulos, donde conste la inscripci\u00f3n; en el Instituto, calle 29 de septiembre 110- General Ram\u00edrez- Entre R\u00edos. Telefax 0343-4901893 en el horario de 16 a 20 horas.<\/p>\n<p>&nbsp;<\/p>\n<p><strong><u>LAMADO A CONCURSO<\/u><\/strong><\/p>\n<p>La Rector\u00eda del Instituto Superior de Formaci\u00f3n Docente \u201cPaulo Freire\u201d de General Ram\u00edrez convoca a concurso para la cobertura de horas c\u00e1tedras, de acuerdo a lo establecido en la Resoluci\u00f3n N\u00ba 2300\/12 C.G.E., Resoluci\u00f3n N\u00ba1471\/16 C.G.E y\u00a0 Resoluci\u00f3n N\u00ba 0836\/17 C.G.E desde el martes 15 de Octubre los siguientes espacios curriculares por 05 (cinco) d\u00edas h\u00e1biles. 1\u00b0 llamado.<\/p>\n<p><strong><u>PROFESORADO DE EDUCACI\u00d3N ESPECIAL CON ORIENTACI\u00d3N EN DISCAPACIDAD INTELECTUAL<\/u><\/strong><strong>: Res. N\u00b0 976\/17 CGE, Res. N\u00b0 330\/17 JC\u00a0 y Res. N\u00b0 145\/18 JC. <\/strong>Toma de posesi\u00f3n inicio ciclo lectivo 2.020.<\/p>\n<p><strong>\u00a0<\/strong><strong>DERECHOS HUMANOS: \u00c9TICA Y IUDADAN\u00cdA: <\/strong>Asignatura. 4\u00ba A\u00f1o. Anual. 3 horas. STF.<u> Requisitos<\/u>: Profesor de\/en: Sociolog\u00eda u hom\u00f3logos. Ciencias de la Educaci\u00f3n u hom\u00f3logos. Pedagog\u00eda y Ciencias de la Educaci\u00f3n. Psicolog\u00eda u hom\u00f3logos. Filosof\u00eda u hom\u00f3logos. Filosof\u00eda y Ciencias de la Educaci\u00f3n. Historia u hom\u00f3logos. Ciencias Sociales u hom\u00f3logos. Ciencias Jur\u00eddicas, Pol\u00edticas y Sociales. Ciencias Pol\u00edticas u hom\u00f3logos. Antropolog\u00eda u hom\u00f3logos. Ciencias Jur\u00eddicas u hom\u00f3logos. Ciencias Sagradas u hom\u00f3logos. Ciencias Pol\u00edticas y Sociales. Diplomacia Filosof\u00eda, Psicolog\u00eda y Ciencias Sociales. Filosof\u00eda, Psicolog\u00eda y Pedagog\u00eda. Filosof\u00eda, Psicolog\u00eda y Ciencias de la Educaci\u00f3n. Psicolog\u00eda y Ciencias de la Educaci\u00f3n. Pedagog\u00eda y Ciencias de la Educaci\u00f3n. Psicolog\u00eda y Pedagog\u00eda. Licenciaturas en el mismo\u00a0 campo del conocimiento de los t\u00edtulos mencionados anteriormente. Abogado. Escribano. <u>D\u00eda y Horario de dictado<\/u>: Jueves de 18,20 a 20,20 horas.<\/p>\n<p>&nbsp;<\/p>\n<p><strong>AN\u00c1LISIS Y ORGANIZACI\u00d3N DE LAS INSTITUCIONES EDUCATIVAS: <\/strong>Seminario. 4\u00ba A\u00f1o. Anual. 4 horas. STF. <u>Requisitos<\/u>: Profesor de\/en: Pedagog\u00eda u hom\u00f3logos. Ciencias de la Educaci\u00f3n u hom\u00f3logos. Filosof\u00eda, Psicolog\u00eda y Pedagog\u00eda. Filosof\u00eda y Pedagog\u00eda. Filosof\u00eda, Psicolog\u00eda y Ciencias de la Educaci\u00f3n. Sociolog\u00eda u hom\u00f3logos. Filosof\u00eda u hom\u00f3logos. Psicolog\u00eda y Ciencias de la Educaci\u00f3n. Pedagog\u00eda y Ciencias de la Educaci\u00f3n. Filosof\u00eda y Ciencias de la Educaci\u00f3n. Psicolog\u00eda y Pedagog\u00eda. Licenciaturas en los mismos campos del conocimiento delos t\u00edtulos mencionados anteriormente. <u>D\u00eda y Horario de dictado<\/u>: Mi\u00e9rcoles de 20,20 a 23,00 horas.<\/p>\n<p>&nbsp;<\/p>\n<p><strong>MULTIDISCAPACIDAD<\/strong>: Asignatura. 4\u00ba A\u00f1o. Anual. 4 horas. STF. <u>Requisitos<\/u>: Profesor de\/en: Educaci\u00f3n Especial u hom\u00f3logos. Ense\u00f1anza Diferenciada u hom\u00f3logos. Psicopedagog\u00eda. Licenciaturas en los mismos campos del conocimiento de los t\u00edtulos mencionados anteriormente. <u>D\u00eda y Horario de dictado<\/u>: Jueves de 20,20 a 23,00 horas.<\/p>\n<p>&nbsp;<\/p>\n<p><strong>PROBLEM\u00c1TICAS DEL LENGUAJE: <\/strong>Asignatura. 4\u00ba A\u00f1o. Anual. 3 horas. STF. <u>Requisitos<\/u>: Profesor de\/en: Lengua y Literatura u hom\u00f3logos. Castellano u hom\u00f3logos. Castellano, Literatura y Lat\u00edn. Letras u hom\u00f3logos. Letras Modernas. Literatura. Literatura y Castellano. Lengua y Literatura Castellana. Castellano y Lat\u00edn. Castellano, Literatura e Historia. Literatura Cl\u00e1sica. Lenguas Cl\u00e1sicas u hom\u00f3logos. Comunicaci\u00f3n Social. Ciencias del Lenguaje y de la Comunicaci\u00f3n u hom\u00f3logos. Ciencias de la Comunicaci\u00f3n. Licenciaturas en el mismo campo de conocimiento de los t\u00edtulos mencionados anteriormente. <u>D\u00eda y Horario de dictado<\/u>: Martes de 18,20 a 20,20 horas.<\/p>\n<p>&nbsp;<\/p>\n<p><strong>EDUCACI\u00d3N INTEGRAL DE ADOLESCENTES, J\u00d3VENES Y ADULTOS (TALLER):<\/strong> Taller. 4\u00ba A\u00f1o. Anual. 3 horas. STF. <u>Requisitos<\/u>: Profesor de\/en: Educaci\u00f3n Especial u hom\u00f3logos. Ense\u00f1anza Diferenciada u hom\u00f3logos. Psicopedagog\u00eda. Licenciaturas en los mismos campos del conocimiento de los t\u00edtulos mencionados anteriormente.<u> D\u00eda y Horario de dictado<\/u>: Lunes 18,0 a 20,20 horas.<\/p>\n<p>&nbsp;<\/p>\n<p><strong>PR\u00c1CTICAS DOCENTES IV: <\/strong>Taller. 4\u00ba A\u00f1o. Anual. STF. C\u00e1tedra Compartida. 10 horas cada uno. PERFIL GENERALISTA:<u> Requisitos<\/u>: Profesor de\/en: Pedagog\u00eda u hom\u00f3logos. Ciencias de la Educaci\u00f3n u hom\u00f3logos. Filosof\u00eda, Psicolog\u00eda y Pedagog\u00eda. Filosof\u00eda y Pedagog\u00eda. Filosof\u00eda, Psicolog\u00eda y Ciencias de la Educaci\u00f3n. Sociolog\u00eda u hom\u00f3logos. Filosof\u00eda u hom\u00f3logos. Psicolog\u00eda y Ciencias de la Educaci\u00f3n. Pedagog\u00eda y Ciencias de la Educaci\u00f3n. Filosof\u00eda y Ciencias de la Educaci\u00f3n. Psicolog\u00eda y Pedagog\u00eda. Licenciaturas en los mismos campos del conocimiento de los t\u00edtulos mencionados anteriormente. PERFIL DISCIPLINAR: <u>Requisitos<\/u>: Profesor de\/en: Educaci\u00f3n Especial u hom\u00f3logos. Ense\u00f1anza Diferenciada u hom\u00f3logos. Filosof\u00eda, Psicolog\u00eda y Pedagog\u00eda. Psicopedagog\u00eda. Licenciaturas en los mismos campos del conocimiento de los t\u00edtulos mencionados anteriormente. Licenciado de\/en: Psicomotricidad. Terapia Ocupacional. <u>\u00a0D\u00eda y Horario de dictado<\/u>: Mi\u00e9rcoles de 18,20 a 20,20 horas.<\/p>\n<p><strong>\u00a0<\/strong><\/p>\n<p>Los aspirantes deber\u00e1n presentar Ficha de inscripci\u00f3n, Curriculum, carpeta de antecedentes COMPLETA <strong>Res. 111\/18 JC<\/strong> (Fotocopias\u00a0<u>Autenticadas y foliadas Foja 1, F2, F3<\/u>\u2026no en folios pl\u00e1sticos) Todos los t\u00edtulos deben estar registrados en el CGE y presentar copias actualizadas de ambos lados de dichos t\u00edtulos, donde conste la inscripci\u00f3n; en el Instituto, calle 29 de septiembre 110- General Ram\u00edrez- Entre R\u00edos. Telefax 0343-4901893 en el horario de 16 a 20 horas.<\/p>\n<p>&nbsp;<\/p>\n<p><strong><u>LLAMADO A CONCURSO<\/u><\/strong><\/p>\n<p>La Rector\u00eda del Instituto Superior de Formaci\u00f3n Docente \u201cPaulo Freire\u201d de General Ram\u00edrez convoca a concurso para la cobertura de horas c\u00e1tedras, de acuerdo a lo establecido en la Resoluci\u00f3n N\u00ba 2300\/12 C.G.E., Resoluci\u00f3n N\u00ba1471\/16 C.G.E y\u00a0 Resoluci\u00f3n N\u00ba 0836\/17 C.G.E desde el d\u00eda mi\u00e9rcoles 25 de Septiembre los siguientes espacios curriculares por 05 (cinco) d\u00edas h\u00e1biles. 1\u00b0 llamado.<\/p>\n<p><strong><u>PROFESORADO DE EDUCACI\u00d3N ESPECIAL CON ORIENTACI\u00d3N EN DISCAPACIDAD INTELECTUAL<\/u><\/strong><strong>: Res. N\u00b0 976\/17 CGE, Res. N\u00b0 330\/17 JC\u00a0 y Res. N\u00b0 145\/18 JC.\u00a0 <\/strong><\/p>\n<p><strong>DID\u00c1CTICA GENERAL:<\/strong> Asignatura. 1\u00ba A\u00f1o. Anual. 3 horas. STF.<u> Requisitos<\/u>: Profesor de\/en: Pedagog\u00eda u hom\u00f3logos. Ciencias de la Educaci\u00f3n u hom\u00f3logos. Filosof\u00eda, Psicolog\u00eda y Pedagog\u00eda. Filosof\u00eda y Pedagog\u00eda. Filosof\u00eda, Psicolog\u00eda y Ciencias de la Educaci\u00f3n. Sociolog\u00eda u hom\u00f3logos. Psicolog\u00eda y Ciencias de la Educaci\u00f3n. Pedagog\u00eda y Ciencias de la Educaci\u00f3n. Profesor de Filosof\u00eda y Ciencias de la Educaci\u00f3n. Psicolog\u00eda y Pedagog\u00eda. Filosof\u00eda u hom\u00f3logos. Licenciado en Pedagog\u00eda, Licenciado en Ciencias de la Educaci\u00f3n. <u>D\u00eda y Horario de dictado<\/u>: Martes de 16,00 a 18,00 horas.<\/p>\n<p>&nbsp;<\/p>\n<p><strong>PR\u00c1CTICA DOCENTE I: <\/strong>Taller. 1\u00ba A\u00f1o. Anual. 4 horas. STF. EQUIPO DE C\u00c1TEDRA: <strong>Perfil Generalista: <\/strong><u>Requisitos<\/u>: Profesor de\/en: Pedagog\u00eda u hom\u00f3logos. Ciencias de la Educaci\u00f3n u hom\u00f3logos. Filosof\u00eda, Psicolog\u00eda y Pedagog\u00eda. Filosof\u00eda y Pedagog\u00eda. Filosof\u00eda, Psicolog\u00eda y Ciencias de la Educaci\u00f3n. Sociolog\u00eda u hom\u00f3logos. Filosof\u00eda u hom\u00f3logos. Psicolog\u00eda y Ciencias de la Educaci\u00f3n. Pedagog\u00eda y Ciencias de la Educaci\u00f3n. Filosof\u00eda y Ciencias de la Educaci\u00f3n. Psicolog\u00eda y Pedagog\u00eda. Licenciaturas de los mismos campos del conocimiento de los t\u00edtulos mencionados anteriormente.<u> D\u00eda y Horario de dictado<\/u>: Martes de 18,10 a 20,50 horas.<\/p>\n<p>&nbsp;<\/p>\n<p>Los aspirantes deber\u00e1n presentar Ficha de inscripci\u00f3n, Curriculum, carpeta de antecedentes COMPLETA <strong>Res. 111\/18 JC<\/strong> (Fotocopias\u00a0<u>Autenticadas y foliadas Foja 1, F2, F3<\/u>\u2026no en folios pl\u00e1sticos) Todos los t\u00edtulos deben estar registrados en el CGE y presentar copias actualizadas de ambos lados de dichos t\u00edtulos, donde conste la inscripci\u00f3n; en el Instituto, calle 29 de septiembre 110- General Ram\u00edrez- Entre R\u00edos. Telefax 0343-4901893 en el horario de 16 a 20 horas.<\/p>\n<p><strong><u>LLAMADO A CONCURSO<\/u><\/strong><\/p>\n<p>La Rector\u00eda del Instituto Superior de Formaci\u00f3n Docente \u201cPaulo Freire\u201d de General Ram\u00edrez convoca a concurso para la cobertura de horas c\u00e1tedras, de acuerdo a lo establecido en la Resoluci\u00f3n N\u00ba 2300\/12 C.G.E., Resoluci\u00f3n N\u00ba1471\/16 C.G.E y\u00a0 Resoluci\u00f3n N\u00ba 0836\/17 C.G.E desde el d\u00eda martes 13 de Agosto los siguientes espacios curriculares:<\/p>\n<p><strong><u>PROFESORADO DE EDUCACI\u00d3N PRIMARIA<\/u><\/strong><strong>: Res. N\u00b0 4170\/14 CGE, Res. N\u00b0 307\/17 JC y Res. N\u00b0 358\/17 JC. <\/strong><\/p>\n<p><strong>\u00a0<\/strong><strong>PR\u00c1CTICA DOCENTE I: <\/strong>1\u00b0 llamado por 05 (cinco) d\u00edas h\u00e1biles. Taller. 1\u00ba A\u00f1o. Anual. 2 horas. STF. EQUIPO DE C\u00c1TEDRA: <strong>Perfil Generalista: <\/strong><u>Requisitos<\/u>: Profesor de\/en: Pedagog\u00eda u hom\u00f3logos. Ciencias de la Educaci\u00f3n u hom\u00f3logos. Filosof\u00eda, Psicolog\u00eda y Pedagog\u00eda. Filosof\u00eda y Pedagog\u00eda. Filosof\u00eda, Psicolog\u00eda y Ciencias de la Educaci\u00f3n. Sociolog\u00eda u hom\u00f3logos. Filosof\u00eda u hom\u00f3logos. Psicolog\u00eda y Ciencias de la Educaci\u00f3n. Pedagog\u00eda y Ciencias de la Educaci\u00f3n. Filosof\u00eda y Ciencias de la Educaci\u00f3n. Psicolog\u00eda y Pedagog\u00eda. Licenciaturas de los mismos campos del conocimiento de los t\u00edtulos mencionados anteriormente.<u> D\u00eda y Horario de dictado<\/u>: Lunes de 18,50 a 20,50 horas.<\/p>\n<p><strong><u>PROFESORADO DE EDUCACI\u00d3N INICIAL:<\/u><\/strong><strong> Res. N\u00b0 4165\/14 CGE,\u00a0 Res N\u00b0 358\/17 JC. <\/strong><\/p>\n<p><strong>\u00a0<\/strong><strong>SOCIOLOG\u00cdA DE LA EDUCACI\u00d3N: <\/strong>1\u00b0 llamado por 05 (cinco) d\u00edas h\u00e1biles. Asignatura. 3\u00ba A\u00f1o. Anual. 3 horas. STF. <u>Requisitos<\/u>: Profesor de\/en: Pedagog\u00eda u hom\u00f3logos. Filosof\u00eda u hom\u00f3logos. Ciencias de la Educaci\u00f3n u hom\u00f3logos. Sociolog\u00eda u hom\u00f3logos. Antropolog\u00eda u hom\u00f3logos. Filosof\u00eda, Psicolog\u00eda y Pedagog\u00eda. Ciencias de la Educaci\u00f3n y Ciencias Sociales. Filosof\u00eda, Pedagog\u00eda y Ciencias Sociales. Filosof\u00eda, Psicolog\u00eda y Ciencias de la Educaci\u00f3n. Psicolog\u00eda y Ciencias de la Educaci\u00f3n. Pedagog\u00eda y Ciencias de la Educaci\u00f3n. Filosof\u00eda y Ciencias de la Educaci\u00f3n. Psicolog\u00eda y Pedagog\u00eda. Licenciaturas en el mismo campo del conocimiento de los t\u00edtulos mencionados anteriormente. <u>D\u00eda y Horario de dictado<\/u>: Lunes de 20,20 a 22,20 horas.<\/p>\n<p>&nbsp;<\/p>\n<p>Los aspirantes deber\u00e1n presentar Ficha de inscripci\u00f3n, Curriculum, carpeta de antecedentes COMPLETA <strong>Res. 111\/18 JC<\/strong> (Fotocopias\u00a0<u>Autenticadas y foliadas Foja 1, F2, F3<\/u>\u2026no en folios pl\u00e1sticos) Todos los t\u00edtulos deben estar registrados en el CGE y presentar copias actualizadas de ambos lados de dichos t\u00edtulos, donde conste la inscripci\u00f3n; en el Instituto, calle 29 de septiembre 110- General Ram\u00edrez- Entre R\u00edos. Telefax 0343-4901893 en el horario de 16 a 20 horas.<\/p>\n<p>&nbsp;<\/p>\n<p>&nbsp;<\/p>\n<p><strong><u>LLAMADO A CONCURSO<\/u><\/strong><\/p>\n<p>La Rector\u00eda del Instituto Superior de Formaci\u00f3n Docente \u201cPaulo Freire\u201d de General Ram\u00edrez convoca a concurso para la cobertura de horas c\u00e1tedras, de acuerdo a lo establecido en la Resoluci\u00f3n N\u00ba 2300\/12 C.G.E., Resoluci\u00f3n N\u00ba1471\/16 C.G.E y\u00a0 Resoluci\u00f3n N\u00ba 0836\/17 C.G.E desde el d\u00eda lunes 05 de Agosto los siguientes espacios curriculares, por 5 (cinco) d\u00edas h\u00e1biles. 1\u00b0 llamado.<\/p>\n<p><strong><u>PROFESORADO DE ARTES VISUALES<\/u><\/strong><strong>: Res. N\u00b0 4165\/14 CGE, Res. N\u00b0 302\/17 JC y Res. N\u00b0 358\/17 JC <\/strong><\/p>\n<p><strong>PR\u00c1CTICA PROFESIONAL DOCENTE I: <\/strong>1\u00ba A\u00f1o. Anual. 4 horas. STF. EQUIPO DE C\u00c1TEDRA: <u>Requisitos:<\/u> <strong>Perfil Disciplinar: <\/strong>Profesor de\/en: Artes Visuales\/Artes Pl\u00e1sticas u hom\u00f3logos. En Artes con Orientaci\u00f3n en Artes Visuales. Artes Visuales con Especialidad Escultura, Cer\u00e1mica, Grabado o Pintura Resoluci\u00f3n 1331\/66 (con Rev\u00e1lida Decreto 4310\/91). Artes (con especialidad en), Artes en Artes Visuales. Realizador Pl\u00e1stico Superior (con Actualizaci\u00f3n Acad\u00e9mica en Artes Resoluci\u00f3n3601\/03 CGE). Artes Pl\u00e1sticas o Visuales. Nacional en Bellas Artes. Artes Pl\u00e1sticas Nivel Medio y Superior. Artes. Bellas Artes. Nacional de\/en Escultura\/Pintura\/Grabado\/Cer\u00e1mica. Licenciaturas en el mismo campo del conocimiento de los t\u00edtulos mencionados anteriormente. <u>D\u00eda y Horario de dictado<\/u>: lunes de 18,10 a 20,50 horas.<\/p>\n<p><strong>CORPOREIDAD, JUEGO Y LENGUAJES ART\u00cdSTICOS: <\/strong>1\u00ba A\u00f1o. Anual. 2 horas. STF. EQUIPO DE C\u00c1TEDRA: <strong>Perfil Artes Visuales:<\/strong> Profesor de\/en: Artes Visuales u hom\u00f3logos. En Artes con Orientaci\u00f3n en Artes Visuales. Artes Visuales con Especialidad Escultura, Cer\u00e1mica, Grabados o Pintura Resoluci\u00f3n 1331\/66 (con Rev\u00e1lida Decreto 4310\/91). Artes (con especialidad en), Artes en Artes Visuales. Realizador Pl\u00e1stico Superior (con Actualizaci\u00f3n Acad\u00e9mica en Artes Resoluci\u00f3n3601\/03 CGE). Artes Pl\u00e1sticas o Visuales Nacional en Bellas Artes. Licenciado de\/en: Artes Visuales. Artes Pl\u00e1sticas. Artes. Bellas Artes. Licenciaturas en el mismo campo del conocimiento de los t\u00edtulos mencionados anteriormente. <u>\u00a0D\u00eda y Horario de dictado<\/u>: mi\u00e9rcoles se 18,50 a 20,10 horas.<\/p>\n<p>&nbsp;<\/p>\n<p><strong><u>PROFESORADO DE EDUCACI\u00d3N PRIMARIA<\/u><\/strong><strong>: Res. N\u00b0 4170\/14 CGE, Res. N\u00b0 307\/17 JC y Res. N\u00b0 358\/17 JC. <\/strong><\/p>\n<p>&nbsp;<\/p>\n<p><strong>PR\u00c1CTICA DOCENTE III: <\/strong>Seminario &#8211; Taller. 3\u00ba A\u00f1o. Anual. 4 horas. STF. EQUIPO DE C\u00c1TEDRA: <strong>Perfil Generalista. <\/strong><u>Requisitos:<\/u> Profesor de\/en: Pedagog\u00eda u hom\u00f3logos. Ciencias de la Educaci\u00f3n u hom\u00f3logos. Filosof\u00eda, Psicolog\u00eda y Pedagog\u00eda. Filosof\u00eda y Pedagog\u00eda. Filosof\u00eda, Psicolog\u00eda y Ciencias de la Educaci\u00f3n. Sociolog\u00eda u hom\u00f3logos. Filosof\u00eda u hom\u00f3logos. Psicolog\u00eda y Ciencias de la Educaci\u00f3n. Pedagog\u00eda y Ciencias de la Educaci\u00f3n. Filosof\u00eda y Ciencias de la Educaci\u00f3n. Psicolog\u00eda y Pedagog\u00eda. Licenciaturas en los mismos campos del conocimiento de los t\u00edtulos mencionados anteriormente.\u00a0 <u>D\u00eda y Horario de dictado<\/u>: mi\u00e9rcoles de 20,20 a 22,20 horas.<\/p>\n<p>Los aspirantes deber\u00e1n presentar Ficha de inscripci\u00f3n, Curriculum, carpeta de antecedentes COMPLETA <strong>Res. 111\/18 JC<\/strong> (Fotocopias\u00a0<u>Autenticadas y foliadas Foja 1, F2, F3<\/u>\u2026no en folios pl\u00e1sticos) Todos los t\u00edtulos deben estar registrados en el CGE y presentar copias actualizadas de ambos lados de dichos t\u00edtulos, donde conste la inscripci\u00f3n; en el Instituto, calle 29 de septiembre 110- General Ram\u00edrez- Entre R\u00edos. Telefax 0343-4901893 en el horario de 16 a 20 horas.<\/p>\n<p>&nbsp;<\/p>\n","protected":false},"excerpt":{"rendered":"<p>LAMADO A CONCURSO La Rector\u00eda del Instituto Superior de Formaci\u00f3n Docente \u201cPaulo Freire\u201d de General Ram\u00edrez convoca a concurso para la cobertura de horas c\u00e1tedras, de acuerdo a lo establecido en la Resoluci\u00f3n N\u00ba 2300\/12 C.G.E., Resoluci\u00f3n N\u00ba1471\/16 C.G.E y\u00a0 Resoluci\u00f3n N\u00ba 0836\/17 C.G.E desde el martes 19 de Noviembre el siguiente espacio curricular por &#8230; <a title=\"Llamado a Concurso\" class=\"read-more\" href=\"https:\/\/isfdgramirez-ers.infd.edu.ar\/sitio\/llamado-a-concurso\/\" aria-label=\"More on Llamado a Concurso\">[+]<\/a><\/p>\n","protected":false},"author":194,"featured_media":0,"parent":0,"menu_order":0,"comment_status":"closed","ping_status":"closed","template":"","meta":[],"acf":[],"_links":{"self":[{"href":"https:\/\/isfdgramirez-ers.infd.edu.ar\/sitio\/wp-json\/wp\/v2\/pages\/915"}],"collection":[{"href":"https:\/\/isfdgramirez-ers.infd.edu.ar\/sitio\/wp-json\/wp\/v2\/pages"}],"about":[{"href":"https:\/\/isfdgramirez-ers.infd.edu.ar\/sitio\/wp-json\/wp\/v2\/types\/page"}],"author":[{"embeddable":true,"href":"https:\/\/isfdgramirez-ers.infd.edu.ar\/sitio\/wp-json\/wp\/v2\/users\/194"}],"replies":[{"embeddable":true,"href":"https:\/\/isfdgramirez-ers.infd.edu.ar\/sitio\/wp-json\/wp\/v2\/comments?post=915"}],"version-history":[{"count":17,"href":"https:\/\/isfdgramirez-ers.infd.edu.ar\/sitio\/wp-json\/wp\/v2\/pages\/915\/revisions"}],"predecessor-version":[{"id":1187,"href":"https:\/\/isfdgramirez-ers.infd.edu.ar\/sitio\/wp-json\/wp\/v2\/pages\/915\/revisions\/1187"}],"wp:attachment":[{"href":"https:\/\/isfdgramirez-ers.infd.edu.ar\/sitio\/wp-json\/wp\/v2\/media?parent=915"}],"curies":[{"name":"wp","href":"https:\/\/api.w.org\/{rel}","templated":true}]}}